{"id":428,"date":"2024-11-15T09:30:39","date_gmt":"2024-11-15T09:30:39","guid":{"rendered":"https:\/\/assistingsystems.se\/web\/about\/"},"modified":"2024-12-12T14:00:16","modified_gmt":"2024-12-12T14:00:16","slug":"about","status":"publish","type":"page","link":"https:\/\/assistingsystems.se\/web\/about\/","title":{"rendered":"About"},"content":{"rendered":"\t\t<div data-elementor-type=\"wp-page\" data-elementor-id=\"428\" class=\"elementor elementor-428\">\n\t\t\t\t<div class=\"elementor-element elementor-element-c39488d e-flex e-con-boxed e-con e-parent\" data-id=\"c39488d\" data-element_type=\"container\" data-e-type=\"container\" data-settings=\"{&quot;background_background&quot;:&quot;classic&quot;}\">\n\t\t\t\t\t<div class=\"e-con-inner\">\n\t\t\t\t<div class=\"elementor-element elementor-element-ad68727 elementor-widget__width-initial elementor-widget elementor-widget-heading\" data-id=\"ad68727\" data-element_type=\"widget\" data-e-type=\"widget\" data-widget_type=\"heading.default\">\n\t\t\t\t<div class=\"elementor-widget-container\">\n\t\t\t\t\t<h1 class=\"elementor-heading-title elementor-size-default\">Om oss<\/h1>\t\t\t\t<\/div>\n\t\t\t\t<\/div>\n\t\t\t\t\t<\/div>\n\t\t\t\t<\/div>\n\t\t<div class=\"elementor-element elementor-element-6791c66 e-flex e-con-boxed e-con e-parent\" data-id=\"6791c66\" data-element_type=\"container\" data-e-type=\"container\">\n\t\t\t\t\t<div class=\"e-con-inner\">\n\t\t\t\t<div class=\"elementor-element elementor-element-2630d3b elementor-widget elementor-widget-heading\" data-id=\"2630d3b\" data-element_type=\"widget\" data-e-type=\"widget\" data-widget_type=\"heading.default\">\n\t\t\t\t<div class=\"elementor-widget-container\">\n\t\t\t\t\t<h2 class=\"elementor-heading-title elementor-size-default\">Som ett litet och dynamiskt team erbjuder vi en unik f\u00f6rdel:<br>ni f\u00e5r direktkontakt med oss utvecklare.<\/h2>\t\t\t\t<\/div>\n\t\t\t\t<\/div>\n\t\t<div class=\"elementor-element elementor-element-c608570 e-flex e-con-boxed e-con e-child\" data-id=\"c608570\" data-element_type=\"container\" data-e-type=\"container\">\n\t\t\t\t\t<div class=\"e-con-inner\">\n\t\t\t\t<div class=\"elementor-element elementor-element-d8c6c01 elementor-widget__width-initial elementor-widget-mobile__width-inherit elementor-widget elementor-widget-text-editor\" data-id=\"d8c6c01\" data-element_type=\"widget\" data-e-type=\"widget\" data-widget_type=\"text-editor.default\">\n\t\t\t\t<div class=\"elementor-widget-container\">\n\t\t\t\t\t\t\t\t\t<p>Oavsett om det handlar om en blinkande diod eller samh\u00e4llskritiska system, \u00e4r vi redo att ta oss an alla utmaningar. Vi kan hantera projekt av alla storlekar och komplexitet!<\/p>\t\t\t\t\t\t\t\t<\/div>\n\t\t\t\t<\/div>\n\t\t\t\t<div class=\"elementor-element elementor-element-ec1f6e7 elementor-widget__width-initial elementor-widget-mobile__width-inherit elementor-widget elementor-widget-text-editor\" data-id=\"ec1f6e7\" data-element_type=\"widget\" data-e-type=\"widget\" data-widget_type=\"text-editor.default\">\n\t\t\t\t<div class=\"elementor-widget-container\">\n\t\t\t\t\t\t\t\t\t<p>Inhemsk eller v\u00e4rldsomsp\u00e4nnande marknad? Produkter vi har tagit fram har s\u00e5lts \u00f6ver hela v\u00e4rlden.<\/p>\t\t\t\t\t\t\t\t<\/div>\n\t\t\t\t<\/div>\n\t\t\t\t\t<\/div>\n\t\t\t\t<\/div>\n\t\t<div class=\"elementor-element elementor-element-b532d6e e-con-full e-flex e-con e-child\" data-id=\"b532d6e\" data-element_type=\"container\" data-e-type=\"container\">\n\t\t<div class=\"elementor-element elementor-element-8e1f2f4 e-con-full e-flex e-con e-child\" data-id=\"8e1f2f4\" data-element_type=\"container\" data-e-type=\"container\">\n\t\t\t\t<div class=\"elementor-element elementor-element-1e21cd7 elementor-widget elementor-widget-image-box\" data-id=\"1e21cd7\" data-element_type=\"widget\" data-e-type=\"widget\" data-widget_type=\"image-box.default\">\n\t\t\t\t<div class=\"elementor-widget-container\">\n\t\t\t\t\t<div class=\"elementor-image-box-wrapper\"><div class=\"elementor-image-box-content\"><h3 class=\"elementor-image-box-title\">Inga mellanh\u00e4nder<\/h3><p class=\"elementor-image-box-description\">Kommunicera era behov och id\u00e9er direkt till oss utvecklare.<\/p><\/div><\/div>\t\t\t\t<\/div>\n\t\t\t\t<\/div>\n\t\t\t\t<\/div>\n\t\t<div class=\"elementor-element elementor-element-1c06ddf e-con-full e-flex e-con e-child\" data-id=\"1c06ddf\" data-element_type=\"container\" data-e-type=\"container\">\n\t\t\t\t<div class=\"elementor-element elementor-element-652481d elementor-widget elementor-widget-image-box\" data-id=\"652481d\" data-element_type=\"widget\" data-e-type=\"widget\" data-widget_type=\"image-box.default\">\n\t\t\t\t<div class=\"elementor-widget-container\">\n\t\t\t\t\t<div class=\"elementor-image-box-wrapper\"><div class=\"elementor-image-box-content\"><h3 class=\"elementor-image-box-title\">M\u00e5ng\u00e5rig expertis<\/h3><p class=\"elementor-image-box-description\">Med \u00f6ver 16 \u00e5r i branschen har vi bred erfarenhet av allt fr\u00e5n m\u00e4tsystem till medicinteknik.<\/p><\/div><\/div>\t\t\t\t<\/div>\n\t\t\t\t<\/div>\n\t\t\t\t<\/div>\n\t\t<div class=\"elementor-element elementor-element-fa335a5 e-con-full e-flex e-con e-child\" data-id=\"fa335a5\" data-element_type=\"container\" data-e-type=\"container\">\n\t\t\t\t<div class=\"elementor-element elementor-element-5a77cc0 elementor-widget elementor-widget-image-box\" data-id=\"5a77cc0\" data-element_type=\"widget\" data-e-type=\"widget\" data-widget_type=\"image-box.default\">\n\t\t\t\t<div class=\"elementor-widget-container\">\n\t\t\t\t\t<div class=\"elementor-image-box-wrapper\"><div class=\"elementor-image-box-content\"><h3 class=\"elementor-image-box-title\">Engagemang<\/h3><p class=\"elementor-image-box-description\">Med olika bakgrunder och styrkor har vi hittat v\u00e5r gemensamma passion f\u00f6r embedded utveckling. <\/p><\/div><\/div>\t\t\t\t<\/div>\n\t\t\t\t<\/div>\n\t\t\t\t<\/div>\n\t\t\t\t<\/div>\n\t\t\t\t\t<\/div>\n\t\t\t\t<\/div>\n\t\t<div class=\"elementor-element elementor-element-9f088cf e-flex e-con-boxed e-con e-parent\" data-id=\"9f088cf\" data-element_type=\"container\" data-e-type=\"container\" data-settings=\"{&quot;background_background&quot;:&quot;classic&quot;}\">\n\t\t\t\t\t<div class=\"e-con-inner\">\n\t\t<div class=\"elementor-element elementor-element-32857fa e-flex e-con-boxed e-con e-child\" data-id=\"32857fa\" data-element_type=\"container\" data-e-type=\"container\">\n\t\t\t\t\t<div class=\"e-con-inner\">\n\t\t\t\t<div class=\"elementor-element elementor-element-daecf19 elementor-widget__width-initial elementor-widget-mobile__width-inherit elementor-widget elementor-widget-heading\" data-id=\"daecf19\" data-element_type=\"widget\" data-e-type=\"widget\" data-widget_type=\"heading.default\">\n\t\t\t\t<div class=\"elementor-widget-container\">\n\t\t\t\t\t<h3 class=\"elementor-heading-title elementor-size-default\">Historik<\/h3>\t\t\t\t<\/div>\n\t\t\t\t<\/div>\n\t\t\t\t<div class=\"elementor-element elementor-element-4ef8d8f elementor-widget__width-initial elementor-widget-mobile__width-inherit elementor-widget elementor-widget-text-editor\" data-id=\"4ef8d8f\" data-element_type=\"widget\" data-e-type=\"widget\" data-widget_type=\"text-editor.default\">\n\t\t\t\t<div class=\"elementor-widget-container\">\n\t\t\t\t\t\t\t\t\t<p>J&amp;D Assisting systems grundades 2007 av Jonas Johansson (J) &amp; Daniel Petersson (D). 2008 efter ett\u00a0 mycket framg\u00e5ngsrikt examensarbete som vann\u00a0<span style=\"font-size: 12pt; font-family: Arial, sans-serif; font-variant-numeric: normal; font-variant-east-asian: normal; font-variant-alternates: normal; font-variant-position: normal; vertical-align: baseline; white-space-collapse: preserve;\">Swedish<\/span>\u00a0Embedded Awards. Projektet &#8211; kraftassisterand rullstol, lade grunden f\u00f6r\u00a0\u00a0<a href=\"https:\/\/www.forcefiction.se\" target=\"_blank\" rel=\"noopener\" data-cke-saved-href=\"https:\/\/www.forcefiction.se\">Force Fiction AB<\/a>\u00a0&#8211; J&amp;D&#8217;s\u00a0<span style=\"font-family: Arial, sans-serif; font-size: 12pt; white-space-collapse: preserve; text-align: var(--text-align); background-color: var( --e-global-color-astglobalcolor4 ); color: var(--ast-global-color-3); letter-spacing: 0px;\">syskonbolag<\/span><span style=\"font-style: inherit; font-weight: inherit; text-align: var(--text-align); background-color: var( --e-global-color-astglobalcolor4 ); color: var(--ast-global-color-3); letter-spacing: 0px;\">\u00a0som \u00e4r en avknoppning av Assisting Systems. <\/span><a style=\"font-style: inherit; font-weight: inherit; text-align: var(--text-align); letter-spacing: 0px;\" href=\"https:\/\/www.forcefiction.se\" target=\"_blank\" rel=\"noopener\" data-cke-saved-href=\"https:\/\/www.forcefiction.se\">Force Fiction<\/a><span style=\"font-style: inherit; font-weight: inherit; text-align: var(--text-align); background-color: var( --e-global-color-astglobalcolor4 ); color: var(--ast-global-color-3); letter-spacing: 0px;\"> riktar in sig p\u00e5 kraftassistans och elmotorstyrning och J&amp;D Assisting Systems p\u00e5 allt ifr\u00e5n speciall\u00f6sningar till en komplett helhetsl\u00f6sning inom inbyggda system. Tillsammans \u00e4r vi idag 8 stycken kollegor med spetskompetens som hela tiden str\u00e4var efter att skapa speciall\u00f6sningar efter kundens \u00f6nskem\u00e5l.<\/span><\/p>\t\t\t\t\t\t\t\t<\/div>\n\t\t\t\t<\/div>\n\t\t\t\t\t<\/div>\n\t\t\t\t<\/div>\n\t\t<div class=\"elementor-element elementor-element-2bc62f5 e-flex e-con-boxed e-con e-child\" data-id=\"2bc62f5\" data-element_type=\"container\" data-e-type=\"container\">\n\t\t\t\t\t<div class=\"e-con-inner\">\n\t\t\t\t<div class=\"elementor-element elementor-element-6ac5398 elementor-widget__width-initial elementor-widget-mobile__width-inherit elementor-widget elementor-widget-heading\" data-id=\"6ac5398\" data-element_type=\"widget\" data-e-type=\"widget\" data-widget_type=\"heading.default\">\n\t\t\t\t<div class=\"elementor-widget-container\">\n\t\t\t\t\t<h3 class=\"elementor-heading-title elementor-size-default\">Vision<\/h3>\t\t\t\t<\/div>\n\t\t\t\t<\/div>\n\t\t\t\t<div class=\"elementor-element elementor-element-ab573a6 elementor-widget__width-initial elementor-widget-mobile__width-inherit elementor-widget elementor-widget-text-editor\" data-id=\"ab573a6\" data-element_type=\"widget\" data-e-type=\"widget\" data-widget_type=\"text-editor.default\">\n\t\t\t\t<div class=\"elementor-widget-container\">\n\t\t\t\t\t\t\t\t\t<p>Vi tror p\u00e5 att ett litet, starkt team kan leverera ett b\u00e4ttre och mer personligt resultat.<span style=\"text-align: var(--text-align); background-color: var( --e-global-color-astglobalcolor4 ); color: var(--ast-global-color-3); font-size: 1rem; letter-spacing: 0px;\">&nbsp;<\/span><\/p>\t\t\t\t\t\t\t\t<\/div>\n\t\t\t\t<\/div>\n\t\t\t\t\t<\/div>\n\t\t\t\t<\/div>\n\t\t\t\t\t<\/div>\n\t\t\t\t<\/div>\n\t\t<div class=\"elementor-element elementor-element-f59d152 e-flex e-con-boxed e-con e-parent\" data-id=\"f59d152\" data-element_type=\"container\" data-e-type=\"container\" data-settings=\"{&quot;background_background&quot;:&quot;classic&quot;}\">\n\t\t\t\t\t<div class=\"e-con-inner\">\n\t\t\t\t<div class=\"elementor-element elementor-element-6ad3183 elementor-widget elementor-widget-heading\" data-id=\"6ad3183\" data-element_type=\"widget\" data-e-type=\"widget\" data-widget_type=\"heading.default\">\n\t\t\t\t<div class=\"elementor-widget-container\">\n\t\t\t\t\t<h2 class=\"elementor-heading-title elementor-size-default\">Vi \u00e4r det sj\u00e4lvklara valet <\/h2>\t\t\t\t<\/div>\n\t\t\t\t<\/div>\n\t\t\t\t<div class=\"elementor-element elementor-element-3282cd8 elementor-align-center elementor-widget elementor-widget-button\" data-id=\"3282cd8\" data-element_type=\"widget\" data-e-type=\"widget\" data-widget_type=\"button.default\">\n\t\t\t\t<div class=\"elementor-widget-container\">\n\t\t\t\t\t\t\t\t\t<div class=\"elementor-button-wrapper\">\n\t\t\t\t\t<a class=\"elementor-button elementor-button-link elementor-size-sm\" href=\"https:\/\/assistingsystems.se\/web\/contact\/\">\n\t\t\t\t\t\t<span class=\"elementor-button-content-wrapper\">\n\t\t\t\t\t\t\t\t\t<span class=\"elementor-button-text\">Kontakt<\/span>\n\t\t\t\t\t<\/span>\n\t\t\t\t\t<\/a>\n\t\t\t\t<\/div>\n\t\t\t\t\t\t\t\t<\/div>\n\t\t\t\t<\/div>\n\t\t\t\t\t<\/div>\n\t\t\t\t<\/div>\n\t\t\t\t<\/div>\n\t\t","protected":false},"excerpt":{"rendered":"<p>Om oss Som ett litet och dynamiskt team erbjuder vi en unik f\u00f6rdel:ni f\u00e5r direktkontakt med oss utvecklare. Oavsett om [&hellip;]<\/p>\n","protected":false},"author":1,"featured_media":0,"parent":0,"menu_order":0,"comment_status":"closed","ping_status":"closed","template":"","meta":{"site-sidebar-layout":"no-sidebar","site-content-layout":"","ast-site-content-layout":"full-width-container","site-content-style":"default","site-sidebar-style":"default","ast-global-header-display":"","ast-banner-title-visibility":"","ast-main-header-display":"","ast-hfb-above-header-display":"","ast-hfb-below-header-display":"","ast-hfb-mobile-header-display":"","site-post-title":"disabled","ast-breadcrumbs-content":"","ast-featured-img":"disabled","footer-sml-layout":"","ast-disable-related-posts":"","theme-transparent-header-meta":"enabled","adv-header-id-meta":"","stick-header-meta":"","header-above-stick-meta":"","header-main-stick-meta":"","header-below-stick-meta":"","astra-migrate-meta-layouts":"default","ast-page-background-enabled":"default","ast-page-background-meta":{"desktop":{"background-color":"var(--ast-global-color-4)","background-image":"","background-repeat":"repeat","background-position":"center center","background-size":"auto","background-attachment":"scroll","background-type":"","background-media":"","overlay-type":"","overlay-color":"","overlay-opacity":"","overlay-gradient":""},"tablet":{"background-color":"","background-image":"","background-repeat":"repeat","background-position":"center center","background-size":"auto","background-attachment":"scroll","background-type":"","background-media":"","overlay-type":"","overlay-color":"","overlay-opacity":"","overlay-gradient":""},"mobile":{"background-color":"","background-image":"","background-repeat":"repeat","background-position":"center center","background-size":"auto","background-attachment":"scroll","background-type":"","background-media":"","overlay-type":"","overlay-color":"","overlay-opacity":"","overlay-gradient":""}},"ast-content-background-meta":{"desktop":{"background-color":"var(--ast-global-color-5)","background-image":"","background-repeat":"repeat","background-position":"center center","background-size":"auto","background-attachment":"scroll","background-type":"","background-media":"","overlay-type":"","overlay-color":"","overlay-opacity":"","overlay-gradient":""},"tablet":{"background-color":"var(--ast-global-color-5)","background-image":"","background-repeat":"repeat","background-position":"center center","background-size":"auto","background-attachment":"scroll","background-type":"","background-media":"","overlay-type":"","overlay-color":"","overlay-opacity":"","overlay-gradient":""},"mobile":{"background-color":"var(--ast-global-color-5)","background-image":"","background-repeat":"repeat","background-position":"center center","background-size":"auto","background-attachment":"scroll","background-type":"","background-media":"","overlay-type":"","overlay-color":"","overlay-opacity":"","overlay-gradient":""}},"footnotes":""},"class_list":["post-428","page","type-page","status-publish","hentry"],"_links":{"self":[{"href":"https:\/\/assistingsystems.se\/web\/wp-json\/wp\/v2\/pages\/428","targetHints":{"allow":["GET"]}}],"collection":[{"href":"https:\/\/assistingsystems.se\/web\/wp-json\/wp\/v2\/pages"}],"about":[{"href":"https:\/\/assistingsystems.se\/web\/wp-json\/wp\/v2\/types\/page"}],"author":[{"embeddable":true,"href":"https:\/\/assistingsystems.se\/web\/wp-json\/wp\/v2\/users\/1"}],"replies":[{"embeddable":true,"href":"https:\/\/assistingsystems.se\/web\/wp-json\/wp\/v2\/comments?post=428"}],"version-history":[{"count":54,"href":"https:\/\/assistingsystems.se\/web\/wp-json\/wp\/v2\/pages\/428\/revisions"}],"predecessor-version":[{"id":710,"href":"https:\/\/assistingsystems.se\/web\/wp-json\/wp\/v2\/pages\/428\/revisions\/710"}],"wp:attachment":[{"href":"https:\/\/assistingsystems.se\/web\/wp-json\/wp\/v2\/media?parent=428"}],"curies":[{"name":"wp","href":"https:\/\/api.w.org\/{rel}","templated":true}]}}